{"id":72,"date":"2024-01-04T23:40:13","date_gmt":"2024-01-04T23:40:13","guid":{"rendered":"https:\/\/accesorioskh.com\/?page_id=72"},"modified":"2024-03-02T19:58:20","modified_gmt":"2024-03-02T19:58:20","slug":"garantia","status":"publish","type":"page","link":"https:\/\/accesorioskh.com\/index.php\/garantia\/","title":{"rendered":"Garant\u00eda"},"content":{"rendered":"\t\t<div data-elementor-type=\"wp-page\" data-elementor-id=\"72\" class=\"elementor elementor-72\">\n\t\t\t\t<div class=\"elementor-element elementor-element-f79f794 e-flex e-con-boxed e-con e-parent\" data-id=\"f79f794\" data-element_type=\"container\" data-e-type=\"container\" data-settings=\"{&quot;_ob_use_container_extras&quot;:&quot;no&quot;,&quot;_ob_column_hoveranimator&quot;:&quot;no&quot;,&quot;_ob_glider_is_slider&quot;:&quot;no&quot;,&quot;_ob_column_has_pseudo&quot;:&quot;no&quot;}\">\n\t\t\t\t\t<div class=\"e-con-inner\">\n\t\t<div class=\"elementor-element elementor-element-6e1d114 e-flex e-con-boxed e-con e-child\" data-id=\"6e1d114\" data-element_type=\"container\" data-e-type=\"container\" data-settings=\"{&quot;_ob_use_container_extras&quot;:&quot;no&quot;,&quot;_ob_column_hoveranimator&quot;:&quot;no&quot;,&quot;_ob_glider_is_slider&quot;:&quot;no&quot;,&quot;_ob_column_has_pseudo&quot;:&quot;no&quot;}\">\n\t\t\t\t\t<div class=\"e-con-inner\">\n\t\t\t\t<div class=\"elementor-element elementor-element-aedbc70 ob-harakiri-inherit ob-has-background-overlay elementor-widget elementor-widget-heading\" data-id=\"aedbc70\" data-element_type=\"widget\" data-e-type=\"widget\" data-settings=\"{&quot;_ob_use_harakiri&quot;:&quot;yes&quot;,&quot;_ob_harakiri_writing_mode&quot;:&quot;inherit&quot;,&quot;_ob_harakiri_text_clip&quot;:&quot;none&quot;,&quot;_ob_perspektive_use&quot;:&quot;no&quot;,&quot;_ob_poopart_use&quot;:&quot;yes&quot;,&quot;_ob_shadough_use&quot;:&quot;no&quot;,&quot;_ob_allow_hoveranimator&quot;:&quot;no&quot;,&quot;_ob_widget_stalker_use&quot;:&quot;no&quot;}\" data-widget_type=\"heading.default\">\n\t\t\t\t<div class=\"elementor-widget-container\">\n\t\t\t\t\t<h2 class=\"elementor-heading-title elementor-size-default\">Nuestra garant\u00eda<\/h2>\t\t\t\t<\/div>\n\t\t\t\t<\/div>\n\t\t\t\t\t<\/div>\n\t\t\t\t<\/div>\n\t\t<div class=\"elementor-element elementor-element-54742fe e-flex e-con-boxed e-con e-child\" data-id=\"54742fe\" data-element_type=\"container\" data-e-type=\"container\" data-settings=\"{&quot;_ob_use_container_extras&quot;:&quot;no&quot;,&quot;_ob_column_hoveranimator&quot;:&quot;no&quot;,&quot;_ob_glider_is_slider&quot;:&quot;no&quot;,&quot;_ob_column_has_pseudo&quot;:&quot;no&quot;}\">\n\t\t\t\t\t<div class=\"e-con-inner\">\n\t\t\t\t<div class=\"elementor-element elementor-element-4dff85d ob-harakiri-inherit ob-has-background-overlay elementor-widget elementor-widget-text-editor\" data-id=\"4dff85d\" data-element_type=\"widget\" data-e-type=\"widget\" data-settings=\"{&quot;_ob_use_harakiri&quot;:&quot;yes&quot;,&quot;_ob_harakiri_writing_mode&quot;:&quot;inherit&quot;,&quot;_ob_postman_use&quot;:&quot;no&quot;,&quot;_ob_perspektive_use&quot;:&quot;no&quot;,&quot;_ob_poopart_use&quot;:&quot;yes&quot;,&quot;_ob_shadough_use&quot;:&quot;no&quot;,&quot;_ob_allow_hoveranimator&quot;:&quot;no&quot;,&quot;_ob_widget_stalker_use&quot;:&quot;no&quot;}\" data-widget_type=\"text-editor.default\">\n\t\t\t\t<div class=\"elementor-widget-container\">\n\t\t\t\t\t\t\t\t\t<p>En KH accesorios entendemos la importancia de la tranquilidad cuando adquieres un accesorio. Por eso, si surge alg\u00fan inconveniente con tu producto, el proceso de garant\u00eda comienza en el mismo momento en que recibes el accesorio. Queremos asegurarnos de que tu experiencia con KH Accesorios sea sin preocupaciones, brind\u00e1ndote asistencia y soluciones desde el principio.<\/p>\t\t\t\t\t\t\t\t<\/div>\n\t\t\t\t<\/div>\n\t\t\t\t\t<\/div>\n\t\t\t\t<\/div>\n\t\t\t\t\t<\/div>\n\t\t\t\t<\/div>\n\t\t\t\t<\/div>\n\t\t","protected":false},"excerpt":{"rendered":"<p>Nuestra garant\u00eda En KH accesorios entendemos la importancia de la tranquilidad cuando adquieres un accesorio. Por eso, si surge alg\u00fan inconveniente con tu producto, el proceso de garant\u00eda comienza en el mismo momento en que recibes el accesorio. Queremos asegurarnos de que tu experiencia con KH Accesorios sea sin preocupaciones, brind\u00e1ndote asistencia y soluciones desde [&hellip;]<\/p>\n","protected":false},"author":1,"featured_media":0,"parent":0,"menu_order":0,"comment_status":"closed","ping_status":"closed","template":"","meta":{"site-sidebar-layout":"no-sidebar","site-content-layout":"","ast-site-content-layout":"full-width-container","site-content-style":"default","site-sidebar-style":"default","ast-global-header-display":"","ast-banner-title-visibility":"","ast-main-header-display":"","ast-hfb-above-header-display":"","ast-hfb-below-header-display":"","ast-hfb-mobile-header-display":"","site-post-title":"disabled","ast-breadcrumbs-content":"","ast-featured-img":"disabled","footer-sml-layout":"","theme-transparent-header-meta":"","adv-header-id-meta":"","stick-header-meta":"","header-above-stick-meta":"","header-main-stick-meta":"","header-below-stick-meta":"","astra-migrate-meta-layouts":"default","ast-page-background-enabled":"default","ast-page-background-meta":{"desktop":{"background-color":"var(--ast-global-color-4)","background-image":"","background-repeat":"repeat","background-position":"center center","background-size":"auto","background-attachment":"scroll","background-type":"","background-media":"","overlay-type":"","overlay-color":"","overlay-opacity":"","overlay-gradient":""},"tablet":{"background-color":"","background-image":"","background-repeat":"repeat","background-position":"center center","background-size":"auto","background-attachment":"scroll","background-type":"","background-media":"","overlay-type":"","overlay-color":"","overlay-opacity":"","overlay-gradient":""},"mobile":{"background-color":"","background-image":"","background-repeat":"repeat","background-position":"center center","background-size":"auto","background-attachment":"scroll","background-type":"","background-media":"","overlay-type":"","overlay-color":"","overlay-opacity":"","overlay-gradient":""}},"ast-content-background-meta":{"desktop":{"background-color":"var(--ast-global-color-5)","background-image":"","background-repeat":"repeat","background-position":"center center","background-size":"auto","background-attachment":"scroll","background-type":"","background-media":"","overlay-type":"","overlay-color":"","overlay-opacity":"","overlay-gradient":""},"tablet":{"background-color":"var(--ast-global-color-5)","background-image":"","background-repeat":"repeat","background-position":"center center","background-size":"auto","background-attachment":"scroll","background-type":"","background-media":"","overlay-type":"","overlay-color":"","overlay-opacity":"","overlay-gradient":""},"mobile":{"background-color":"var(--ast-global-color-5)","background-image":"","background-repeat":"repeat","background-position":"center center","background-size":"auto","background-attachment":"scroll","background-type":"","background-media":"","overlay-type":"","overlay-color":"","overlay-opacity":"","overlay-gradient":""}},"footnotes":""},"class_list":["post-72","page","type-page","status-publish","hentry"],"yoast_head":"<!-- This site is optimized with the Yoast SEO plugin v26.9 - https:\/\/yoast.com\/product\/yoast-seo-wordpress\/ -->\n<title>Garant\u00eda - KH ACCESORIOS<\/title>\n<meta name=\"description\" content=\"Todos los accesorios que necesitas para resaltar tu belleza y estilo, lo encuentras aqu\u00ed en KH accesorios.\" \/>\n<meta name=\"robots\" content=\"index, follow, max-snippet:-1, max-image-preview:large, max-video-preview:-1\" \/>\n<link rel=\"canonical\" href=\"https:\/\/accesorioskh.com\/index.php\/garantia\/\" \/>\n<meta property=\"og:locale\" content=\"es_ES\" \/>\n<meta property=\"og:type\" content=\"article\" \/>\n<meta property=\"og:title\" content=\"Garant\u00eda - KH ACCESORIOS\" \/>\n<meta property=\"og:description\" content=\"Todos los accesorios que necesitas para resaltar tu belleza y estilo, lo encuentras aqu\u00ed en KH accesorios.\" \/>\n<meta property=\"og:url\" content=\"https:\/\/accesorioskh.com\/index.php\/garantia\/\" \/>\n<meta property=\"og:site_name\" content=\"KH ACCESORIOS\" \/>\n<meta property=\"article:modified_time\" content=\"2024-03-02T19:58:20+00:00\" \/>\n<meta name=\"twitter:card\" content=\"summary_large_image\" \/>\n<script type=\"application\/ld+json\" class=\"yoast-schema-graph\">{\"@context\":\"https:\/\/schema.org\",\"@graph\":[{\"@type\":\"WebPage\",\"@id\":\"https:\/\/accesorioskh.com\/index.php\/garantia\/\",\"url\":\"https:\/\/accesorioskh.com\/index.php\/garantia\/\",\"name\":\"Garant\u00eda - KH ACCESORIOS\",\"isPartOf\":{\"@id\":\"https:\/\/accesorioskh.com\/#website\"},\"datePublished\":\"2024-01-04T23:40:13+00:00\",\"dateModified\":\"2024-03-02T19:58:20+00:00\",\"description\":\"Todos los accesorios que necesitas para resaltar tu belleza y estilo, lo encuentras aqu\u00ed en KH accesorios.\",\"breadcrumb\":{\"@id\":\"https:\/\/accesorioskh.com\/index.php\/garantia\/#breadcrumb\"},\"inLanguage\":\"es-CO\",\"potentialAction\":[{\"@type\":\"ReadAction\",\"target\":[\"https:\/\/accesorioskh.com\/index.php\/garantia\/\"]}]},{\"@type\":\"BreadcrumbList\",\"@id\":\"https:\/\/accesorioskh.com\/index.php\/garantia\/#breadcrumb\",\"itemListElement\":[{\"@type\":\"ListItem\",\"position\":1,\"name\":\"Inicio\",\"item\":\"https:\/\/accesorioskh.com\/\"},{\"@type\":\"ListItem\",\"position\":2,\"name\":\"Garant\u00eda\"}]},{\"@type\":\"WebSite\",\"@id\":\"https:\/\/accesorioskh.com\/#website\",\"url\":\"https:\/\/accesorioskh.com\/\",\"name\":\"Accesorios KH\",\"description\":\"Accesorios para mujer y hombre\",\"publisher\":{\"@id\":\"https:\/\/accesorioskh.com\/#organization\"},\"alternateName\":\"KH accesorios\",\"potentialAction\":[{\"@type\":\"SearchAction\",\"target\":{\"@type\":\"EntryPoint\",\"urlTemplate\":\"https:\/\/accesorioskh.com\/?s={search_term_string}\"},\"query-input\":{\"@type\":\"PropertyValueSpecification\",\"valueRequired\":true,\"valueName\":\"search_term_string\"}}],\"inLanguage\":\"es-CO\"},{\"@type\":\"Organization\",\"@id\":\"https:\/\/accesorioskh.com\/#organization\",\"name\":\"Accesorios KH\",\"alternateName\":\"KH accesorios\",\"url\":\"https:\/\/accesorioskh.com\/\",\"logo\":{\"@type\":\"ImageObject\",\"inLanguage\":\"es-CO\",\"@id\":\"https:\/\/accesorioskh.com\/#\/schema\/logo\/image\/\",\"url\":\"https:\/\/accesorioskh.com\/wp-content\/uploads\/2024\/02\/cropped-logo-2.png\",\"contentUrl\":\"https:\/\/accesorioskh.com\/wp-content\/uploads\/2024\/02\/cropped-logo-2.png\",\"width\":537,\"height\":496,\"caption\":\"Accesorios KH\"},\"image\":{\"@id\":\"https:\/\/accesorioskh.com\/#\/schema\/logo\/image\/\"}}]}<\/script>\n<!-- \/ Yoast SEO plugin. -->","yoast_head_json":{"title":"Garant\u00eda - KH ACCESORIOS","description":"Todos los accesorios que necesitas para resaltar tu belleza y estilo, lo encuentras aqu\u00ed en KH accesorios.","robots":{"index":"index","follow":"follow","max-snippet":"max-snippet:-1","max-image-preview":"max-image-preview:large","max-video-preview":"max-video-preview:-1"},"canonical":"https:\/\/accesorioskh.com\/index.php\/garantia\/","og_locale":"es_ES","og_type":"article","og_title":"Garant\u00eda - KH ACCESORIOS","og_description":"Todos los accesorios que necesitas para resaltar tu belleza y estilo, lo encuentras aqu\u00ed en KH accesorios.","og_url":"https:\/\/accesorioskh.com\/index.php\/garantia\/","og_site_name":"KH ACCESORIOS","article_modified_time":"2024-03-02T19:58:20+00:00","twitter_card":"summary_large_image","schema":{"@context":"https:\/\/schema.org","@graph":[{"@type":"WebPage","@id":"https:\/\/accesorioskh.com\/index.php\/garantia\/","url":"https:\/\/accesorioskh.com\/index.php\/garantia\/","name":"Garant\u00eda - KH ACCESORIOS","isPartOf":{"@id":"https:\/\/accesorioskh.com\/#website"},"datePublished":"2024-01-04T23:40:13+00:00","dateModified":"2024-03-02T19:58:20+00:00","description":"Todos los accesorios que necesitas para resaltar tu belleza y estilo, lo encuentras aqu\u00ed en KH accesorios.","breadcrumb":{"@id":"https:\/\/accesorioskh.com\/index.php\/garantia\/#breadcrumb"},"inLanguage":"es-CO","potentialAction":[{"@type":"ReadAction","target":["https:\/\/accesorioskh.com\/index.php\/garantia\/"]}]},{"@type":"BreadcrumbList","@id":"https:\/\/accesorioskh.com\/index.php\/garantia\/#breadcrumb","itemListElement":[{"@type":"ListItem","position":1,"name":"Inicio","item":"https:\/\/accesorioskh.com\/"},{"@type":"ListItem","position":2,"name":"Garant\u00eda"}]},{"@type":"WebSite","@id":"https:\/\/accesorioskh.com\/#website","url":"https:\/\/accesorioskh.com\/","name":"Accesorios KH","description":"Accesorios para mujer y hombre","publisher":{"@id":"https:\/\/accesorioskh.com\/#organization"},"alternateName":"KH accesorios","potentialAction":[{"@type":"SearchAction","target":{"@type":"EntryPoint","urlTemplate":"https:\/\/accesorioskh.com\/?s={search_term_string}"},"query-input":{"@type":"PropertyValueSpecification","valueRequired":true,"valueName":"search_term_string"}}],"inLanguage":"es-CO"},{"@type":"Organization","@id":"https:\/\/accesorioskh.com\/#organization","name":"Accesorios KH","alternateName":"KH accesorios","url":"https:\/\/accesorioskh.com\/","logo":{"@type":"ImageObject","inLanguage":"es-CO","@id":"https:\/\/accesorioskh.com\/#\/schema\/logo\/image\/","url":"https:\/\/accesorioskh.com\/wp-content\/uploads\/2024\/02\/cropped-logo-2.png","contentUrl":"https:\/\/accesorioskh.com\/wp-content\/uploads\/2024\/02\/cropped-logo-2.png","width":537,"height":496,"caption":"Accesorios KH"},"image":{"@id":"https:\/\/accesorioskh.com\/#\/schema\/logo\/image\/"}}]}},"_links":{"self":[{"href":"https:\/\/accesorioskh.com\/index.php\/wp-json\/wp\/v2\/pages\/72","targetHints":{"allow":["GET"]}}],"collection":[{"href":"https:\/\/accesorioskh.com\/index.php\/wp-json\/wp\/v2\/pages"}],"about":[{"href":"https:\/\/accesorioskh.com\/index.php\/wp-json\/wp\/v2\/types\/page"}],"author":[{"embeddable":true,"href":"https:\/\/accesorioskh.com\/index.php\/wp-json\/wp\/v2\/users\/1"}],"replies":[{"embeddable":true,"href":"https:\/\/accesorioskh.com\/index.php\/wp-json\/wp\/v2\/comments?post=72"}],"version-history":[{"count":10,"href":"https:\/\/accesorioskh.com\/index.php\/wp-json\/wp\/v2\/pages\/72\/revisions"}],"predecessor-version":[{"id":1316,"href":"https:\/\/accesorioskh.com\/index.php\/wp-json\/wp\/v2\/pages\/72\/revisions\/1316"}],"wp:attachment":[{"href":"https:\/\/accesorioskh.com\/index.php\/wp-json\/wp\/v2\/media?parent=72"}],"curies":[{"name":"wp","href":"https:\/\/api.w.org\/{rel}","templated":true}]}}